{"id":475,"date":"2022-10-03T10:08:54","date_gmt":"2022-10-03T10:08:54","guid":{"rendered":"https:\/\/www.atletika22.cz\/?page_id=475"},"modified":"2023-11-28T09:41:48","modified_gmt":"2023-11-28T09:41:48","slug":"atleticke-soustredeni-4-6-listopadu-po-stopach-emila-zatopka","status":"publish","type":"page","link":"https:\/\/www.atletika22.cz\/?page_id=475","title":{"rendered":"Fotogalerie"},"content":{"rendered":"\n<p class=\"has-large-font-size\"><strong>Aletick\u00e9 soust\u0159ed\u011bn\u00ed podzim 2023<\/strong><\/p>\n\n\n\n<figure class=\"wp-block-image size-large is-resized\"><img loading=\"lazy\" decoding=\"async\" width=\"1024\" height=\"768\" src=\"https:\/\/www.atletika22.cz\/wp-content\/uploads\/2023\/11\/399945885_335330179084452_1452623778931824928_n-1024x768.jpg\" alt=\"\" class=\"wp-image-680\" style=\"width:596px;height:auto\" srcset=\"https:\/\/www.atletika22.cz\/wp-content\/uploads\/2023\/11\/399945885_335330179084452_1452623778931824928_n-1024x768.jpg 1024w, https:\/\/www.atletika22.cz\/wp-content\/uploads\/2023\/11\/399945885_335330179084452_1452623778931824928_n-300x225.jpg 300w, https:\/\/www.atletika22.cz\/wp-content\/uploads\/2023\/11\/399945885_335330179084452_1452623778931824928_n-768x576.jpg 768w, https:\/\/www.atletika22.cz\/wp-content\/uploads\/2023\/11\/399945885_335330179084452_1452623778931824928_n-1536x1152.jpg 1536w, https:\/\/www.atletika22.cz\/wp-content\/uploads\/2023\/11\/399945885_335330179084452_1452623778931824928_n.jpg 2048w\" sizes=\"auto, (max-width: 1024px) 100vw, 1024px\" \/><\/figure>\n\n\n\n<figure class=\"wp-block-image size-full is-resized\"><img loading=\"lazy\" decoding=\"async\" width=\"960\" height=\"960\" src=\"https:\/\/www.atletika22.cz\/wp-content\/uploads\/2023\/11\/399236503_334720769145393_8261330120517123291_n.jpg\" alt=\"\" class=\"wp-image-682\" style=\"width:597px;height:auto\" srcset=\"https:\/\/www.atletika22.cz\/wp-content\/uploads\/2023\/11\/399236503_334720769145393_8261330120517123291_n.jpg 960w, https:\/\/www.atletika22.cz\/wp-content\/uploads\/2023\/11\/399236503_334720769145393_8261330120517123291_n-300x300.jpg 300w, https:\/\/www.atletika22.cz\/wp-content\/uploads\/2023\/11\/399236503_334720769145393_8261330120517123291_n-150x150.jpg 150w, https:\/\/www.atletika22.cz\/wp-content\/uploads\/2023\/11\/399236503_334720769145393_8261330120517123291_n-768x768.jpg 768w, https:\/\/www.atletika22.cz\/wp-content\/uploads\/2023\/11\/399236503_334720769145393_8261330120517123291_n-70x70.jpg 70w, https:\/\/www.atletika22.cz\/wp-content\/uploads\/2023\/11\/399236503_334720769145393_8261330120517123291_n-246x246.jpg 246w, https:\/\/www.atletika22.cz\/wp-content\/uploads\/2023\/11\/399236503_334720769145393_8261330120517123291_n-276x276.jpg 276w, https:\/\/www.atletika22.cz\/wp-content\/uploads\/2023\/11\/399236503_334720769145393_8261330120517123291_n-125x125.jpg 125w\" sizes=\"auto, (max-width: 960px) 100vw, 960px\" \/><\/figure>\n\n\n\n<figure class=\"wp-block-image size-full is-resized\"><img loading=\"lazy\" decoding=\"async\" width=\"960\" height=\"720\" src=\"https:\/\/www.atletika22.cz\/wp-content\/uploads\/2023\/11\/399254741_334727659144704_4053760994754592316_n.jpg\" alt=\"\" class=\"wp-image-683\" style=\"width:603px;height:auto\" srcset=\"https:\/\/www.atletika22.cz\/wp-content\/uploads\/2023\/11\/399254741_334727659144704_4053760994754592316_n.jpg 960w, https:\/\/www.atletika22.cz\/wp-content\/uploads\/2023\/11\/399254741_334727659144704_4053760994754592316_n-300x225.jpg 300w, https:\/\/www.atletika22.cz\/wp-content\/uploads\/2023\/11\/399254741_334727659144704_4053760994754592316_n-768x576.jpg 768w\" sizes=\"auto, (max-width: 960px) 100vw, 960px\" \/><\/figure>\n\n\n\n<figure class=\"wp-block-image size-full is-resized\"><img loading=\"lazy\" decoding=\"async\" width=\"960\" height=\"960\" src=\"https:\/\/www.atletika22.cz\/wp-content\/uploads\/2023\/11\/396905884_334721059145364_8233679952399871495_n.jpg\" alt=\"\" class=\"wp-image-684\" style=\"width:608px;height:auto\" srcset=\"https:\/\/www.atletika22.cz\/wp-content\/uploads\/2023\/11\/396905884_334721059145364_8233679952399871495_n.jpg 960w, https:\/\/www.atletika22.cz\/wp-content\/uploads\/2023\/11\/396905884_334721059145364_8233679952399871495_n-300x300.jpg 300w, https:\/\/www.atletika22.cz\/wp-content\/uploads\/2023\/11\/396905884_334721059145364_8233679952399871495_n-150x150.jpg 150w, https:\/\/www.atletika22.cz\/wp-content\/uploads\/2023\/11\/396905884_334721059145364_8233679952399871495_n-768x768.jpg 768w, https:\/\/www.atletika22.cz\/wp-content\/uploads\/2023\/11\/396905884_334721059145364_8233679952399871495_n-70x70.jpg 70w, https:\/\/www.atletika22.cz\/wp-content\/uploads\/2023\/11\/396905884_334721059145364_8233679952399871495_n-246x246.jpg 246w, https:\/\/www.atletika22.cz\/wp-content\/uploads\/2023\/11\/396905884_334721059145364_8233679952399871495_n-276x276.jpg 276w, https:\/\/www.atletika22.cz\/wp-content\/uploads\/2023\/11\/396905884_334721059145364_8233679952399871495_n-125x125.jpg 125w\" sizes=\"auto, (max-width: 960px) 100vw, 960px\" \/><\/figure>\n\n\n\n<p><\/p>\n\n\n\n<figure class=\"wp-block-image size-full is-resized\"><img loading=\"lazy\" decoding=\"async\" width=\"960\" height=\"960\" src=\"https:\/\/www.atletika22.cz\/wp-content\/uploads\/2023\/11\/396843648_334720959145374_189240863298003253_n.jpg\" alt=\"\" class=\"wp-image-685\" style=\"width:606px;height:auto\" srcset=\"https:\/\/www.atletika22.cz\/wp-content\/uploads\/2023\/11\/396843648_334720959145374_189240863298003253_n.jpg 960w, https:\/\/www.atletika22.cz\/wp-content\/uploads\/2023\/11\/396843648_334720959145374_189240863298003253_n-300x300.jpg 300w, https:\/\/www.atletika22.cz\/wp-content\/uploads\/2023\/11\/396843648_334720959145374_189240863298003253_n-150x150.jpg 150w, https:\/\/www.atletika22.cz\/wp-content\/uploads\/2023\/11\/396843648_334720959145374_189240863298003253_n-768x768.jpg 768w, https:\/\/www.atletika22.cz\/wp-content\/uploads\/2023\/11\/396843648_334720959145374_189240863298003253_n-70x70.jpg 70w, https:\/\/www.atletika22.cz\/wp-content\/uploads\/2023\/11\/396843648_334720959145374_189240863298003253_n-246x246.jpg 246w, https:\/\/www.atletika22.cz\/wp-content\/uploads\/2023\/11\/396843648_334720959145374_189240863298003253_n-276x276.jpg 276w, https:\/\/www.atletika22.cz\/wp-content\/uploads\/2023\/11\/396843648_334720959145374_189240863298003253_n-125x125.jpg 125w\" sizes=\"auto, (max-width: 960px) 100vw, 960px\" \/><\/figure>\n\n\n\n<figure class=\"wp-block-image size-full is-resized\"><img loading=\"lazy\" decoding=\"async\" width=\"960\" height=\"720\" src=\"https:\/\/www.atletika22.cz\/wp-content\/uploads\/2023\/11\/396898271_334728282477975_3260728556018766066_n.jpg\" alt=\"\" class=\"wp-image-686\" style=\"width:607px;height:auto\" srcset=\"https:\/\/www.atletika22.cz\/wp-content\/uploads\/2023\/11\/396898271_334728282477975_3260728556018766066_n.jpg 960w, https:\/\/www.atletika22.cz\/wp-content\/uploads\/2023\/11\/396898271_334728282477975_3260728556018766066_n-300x225.jpg 300w, https:\/\/www.atletika22.cz\/wp-content\/uploads\/2023\/11\/396898271_334728282477975_3260728556018766066_n-768x576.jpg 768w\" sizes=\"auto, (max-width: 960px) 100vw, 960px\" \/><\/figure>\n\n\n\n<figure class=\"wp-block-image size-full is-resized\"><img loading=\"lazy\" decoding=\"async\" width=\"960\" height=\"720\" src=\"https:\/\/www.atletika22.cz\/wp-content\/uploads\/2023\/11\/398847883_335322085751928_2508255822013057073_n.jpg\" alt=\"\" class=\"wp-image-687\" style=\"width:608px;height:auto\" srcset=\"https:\/\/www.atletika22.cz\/wp-content\/uploads\/2023\/11\/398847883_335322085751928_2508255822013057073_n.jpg 960w, https:\/\/www.atletika22.cz\/wp-content\/uploads\/2023\/11\/398847883_335322085751928_2508255822013057073_n-300x225.jpg 300w, https:\/\/www.atletika22.cz\/wp-content\/uploads\/2023\/11\/398847883_335322085751928_2508255822013057073_n-768x576.jpg 768w\" sizes=\"auto, (max-width: 960px) 100vw, 960px\" \/><\/figure>\n\n\n\n<figure class=\"wp-block-image size-full is-resized\"><img loading=\"lazy\" decoding=\"async\" width=\"960\" height=\"720\" src=\"https:\/\/www.atletika22.cz\/wp-content\/uploads\/2023\/11\/398890681_335322422418561_4922073572918611784_n.jpg\" alt=\"\" class=\"wp-image-688\" style=\"width:608px;height:auto\" srcset=\"https:\/\/www.atletika22.cz\/wp-content\/uploads\/2023\/11\/398890681_335322422418561_4922073572918611784_n.jpg 960w, https:\/\/www.atletika22.cz\/wp-content\/uploads\/2023\/11\/398890681_335322422418561_4922073572918611784_n-300x225.jpg 300w, https:\/\/www.atletika22.cz\/wp-content\/uploads\/2023\/11\/398890681_335322422418561_4922073572918611784_n-768x576.jpg 768w\" sizes=\"auto, (max-width: 960px) 100vw, 960px\" \/><\/figure>\n\n\n\n<figure class=\"wp-block-image size-large is-resized\"><img loading=\"lazy\" decoding=\"async\" width=\"1024\" height=\"768\" src=\"https:\/\/www.atletika22.cz\/wp-content\/uploads\/2023\/11\/398772135_335330565751080_2883613871052719883_n-1024x768.jpg\" alt=\"\" class=\"wp-image-689\" style=\"width:608px;height:auto\" srcset=\"https:\/\/www.atletika22.cz\/wp-content\/uploads\/2023\/11\/398772135_335330565751080_2883613871052719883_n-1024x768.jpg 1024w, https:\/\/www.atletika22.cz\/wp-content\/uploads\/2023\/11\/398772135_335330565751080_2883613871052719883_n-300x225.jpg 300w, https:\/\/www.atletika22.cz\/wp-content\/uploads\/2023\/11\/398772135_335330565751080_2883613871052719883_n-768x576.jpg 768w, https:\/\/www.atletika22.cz\/wp-content\/uploads\/2023\/11\/398772135_335330565751080_2883613871052719883_n-1536x1152.jpg 1536w, https:\/\/www.atletika22.cz\/wp-content\/uploads\/2023\/11\/398772135_335330565751080_2883613871052719883_n.jpg 2048w\" sizes=\"auto, (max-width: 1024px) 100vw, 1024px\" \/><\/figure>\n\n\n\n<figure class=\"wp-block-image size-large is-resized\"><img loading=\"lazy\" decoding=\"async\" width=\"1024\" height=\"768\" src=\"https:\/\/www.atletika22.cz\/wp-content\/uploads\/2023\/11\/398834174_335330022417801_6564888555380964348_n-1024x768.jpg\" alt=\"\" class=\"wp-image-690\" style=\"width:608px;height:auto\" srcset=\"https:\/\/www.atletika22.cz\/wp-content\/uploads\/2023\/11\/398834174_335330022417801_6564888555380964348_n-1024x768.jpg 1024w, https:\/\/www.atletika22.cz\/wp-content\/uploads\/2023\/11\/398834174_335330022417801_6564888555380964348_n-300x225.jpg 300w, https:\/\/www.atletika22.cz\/wp-content\/uploads\/2023\/11\/398834174_335330022417801_6564888555380964348_n-768x576.jpg 768w, https:\/\/www.atletika22.cz\/wp-content\/uploads\/2023\/11\/398834174_335330022417801_6564888555380964348_n-1536x1152.jpg 1536w, https:\/\/www.atletika22.cz\/wp-content\/uploads\/2023\/11\/398834174_335330022417801_6564888555380964348_n.jpg 2048w\" sizes=\"auto, (max-width: 1024px) 100vw, 1024px\" \/><\/figure>\n\n\n\n<figure class=\"wp-block-image size-large is-resized\"><img loading=\"lazy\" decoding=\"async\" width=\"1024\" height=\"768\" src=\"https:\/\/www.atletika22.cz\/wp-content\/uploads\/2023\/11\/399902217_335330095751127_6197055497253498099_n-1024x768.jpg\" alt=\"\" class=\"wp-image-691\" style=\"width:613px;height:auto\" srcset=\"https:\/\/www.atletika22.cz\/wp-content\/uploads\/2023\/11\/399902217_335330095751127_6197055497253498099_n-1024x768.jpg 1024w, https:\/\/www.atletika22.cz\/wp-content\/uploads\/2023\/11\/399902217_335330095751127_6197055497253498099_n-300x225.jpg 300w, https:\/\/www.atletika22.cz\/wp-content\/uploads\/2023\/11\/399902217_335330095751127_6197055497253498099_n-768x576.jpg 768w, https:\/\/www.atletika22.cz\/wp-content\/uploads\/2023\/11\/399902217_335330095751127_6197055497253498099_n-1536x1152.jpg 1536w, https:\/\/www.atletika22.cz\/wp-content\/uploads\/2023\/11\/399902217_335330095751127_6197055497253498099_n.jpg 2048w\" sizes=\"auto, (max-width: 1024px) 100vw, 1024px\" \/><\/figure>\n\n\n\n<figure class=\"wp-block-image size-large is-resized\"><img loading=\"lazy\" decoding=\"async\" width=\"1024\" height=\"768\" src=\"https:\/\/www.atletika22.cz\/wp-content\/uploads\/2023\/11\/399958475_335330229084447_1945976257288384204_n-1024x768.jpg\" alt=\"\" class=\"wp-image-692\" style=\"width:610px;height:auto\" srcset=\"https:\/\/www.atletika22.cz\/wp-content\/uploads\/2023\/11\/399958475_335330229084447_1945976257288384204_n-1024x768.jpg 1024w, https:\/\/www.atletika22.cz\/wp-content\/uploads\/2023\/11\/399958475_335330229084447_1945976257288384204_n-300x225.jpg 300w, https:\/\/www.atletika22.cz\/wp-content\/uploads\/2023\/11\/399958475_335330229084447_1945976257288384204_n-768x576.jpg 768w, https:\/\/www.atletika22.cz\/wp-content\/uploads\/2023\/11\/399958475_335330229084447_1945976257288384204_n-1536x1152.jpg 1536w, https:\/\/www.atletika22.cz\/wp-content\/uploads\/2023\/11\/399958475_335330229084447_1945976257288384204_n.jpg 2048w\" sizes=\"auto, (max-width: 1024px) 100vw, 1024px\" \/><\/figure>\n\n\n\n<figure class=\"wp-block-image size-full is-resized\"><img loading=\"lazy\" decoding=\"async\" width=\"960\" height=\"720\" src=\"https:\/\/www.atletika22.cz\/wp-content\/uploads\/2023\/11\/398890645_335322035751933_8208241312113624627_n.jpg\" alt=\"\" class=\"wp-image-693\" style=\"width:612px;height:auto\" srcset=\"https:\/\/www.atletika22.cz\/wp-content\/uploads\/2023\/11\/398890645_335322035751933_8208241312113624627_n.jpg 960w, https:\/\/www.atletika22.cz\/wp-content\/uploads\/2023\/11\/398890645_335322035751933_8208241312113624627_n-300x225.jpg 300w, https:\/\/www.atletika22.cz\/wp-content\/uploads\/2023\/11\/398890645_335322035751933_8208241312113624627_n-768x576.jpg 768w\" sizes=\"auto, (max-width: 960px) 100vw, 960px\" \/><\/figure>\n\n\n\n<figure class=\"wp-block-image size-full is-resized\"><img loading=\"lazy\" decoding=\"async\" width=\"960\" height=\"720\" src=\"https:\/\/www.atletika22.cz\/wp-content\/uploads\/2023\/11\/399314726_334721155812021_6954010324129122951_n.jpg\" alt=\"\" class=\"wp-image-694\" style=\"width:615px;height:auto\" srcset=\"https:\/\/www.atletika22.cz\/wp-content\/uploads\/2023\/11\/399314726_334721155812021_6954010324129122951_n.jpg 960w, https:\/\/www.atletika22.cz\/wp-content\/uploads\/2023\/11\/399314726_334721155812021_6954010324129122951_n-300x225.jpg 300w, https:\/\/www.atletika22.cz\/wp-content\/uploads\/2023\/11\/399314726_334721155812021_6954010324129122951_n-768x576.jpg 768w\" sizes=\"auto, (max-width: 960px) 100vw, 960px\" \/><\/figure>\n\n\n\n<p><\/p>\n\n\n\n<p class=\"has-large-font-size\"><strong>Atletick\u00e9 soust\u0159ed\u011bn\u00ed &#8222;Po stop\u00e1ch Emila Z\u00e1topka&#8220; listopad 2022<\/strong><\/p>\n\n\n\n<figure class=\"wp-block-image size-large is-resized\"><img loading=\"lazy\" decoding=\"async\" width=\"1024\" height=\"768\" src=\"https:\/\/www.atletika22.cz\/wp-content\/uploads\/2022\/11\/20221105_120814-1024x768.jpg\" alt=\"\" class=\"wp-image-519\" style=\"width:627px;height:auto\" srcset=\"https:\/\/www.atletika22.cz\/wp-content\/uploads\/2022\/11\/20221105_120814-1024x768.jpg 1024w, https:\/\/www.atletika22.cz\/wp-content\/uploads\/2022\/11\/20221105_120814-300x225.jpg 300w, https:\/\/www.atletika22.cz\/wp-content\/uploads\/2022\/11\/20221105_120814-768x576.jpg 768w, https:\/\/www.atletika22.cz\/wp-content\/uploads\/2022\/11\/20221105_120814.jpg 1292w\" sizes=\"auto, (max-width: 1024px) 100vw, 1024px\" \/><\/figure>\n\n\n\n<figure class=\"wp-block-image size-full is-resized\"><img loading=\"lazy\" decoding=\"async\" width=\"309\" height=\"232\" src=\"https:\/\/www.atletika22.cz\/wp-content\/uploads\/2022\/11\/20221105_102903.jpg\" alt=\"\" class=\"wp-image-520\" style=\"aspect-ratio:1.3312202852614896;width:624px;height:auto\" srcset=\"https:\/\/www.atletika22.cz\/wp-content\/uploads\/2022\/11\/20221105_102903.jpg 309w, https:\/\/www.atletika22.cz\/wp-content\/uploads\/2022\/11\/20221105_102903-300x225.jpg 300w\" sizes=\"auto, (max-width: 309px) 100vw, 309px\" \/><\/figure>\n\n\n\n<figure class=\"wp-block-image size-large is-resized\"><img loading=\"lazy\" decoding=\"async\" width=\"1024\" height=\"768\" src=\"https:\/\/www.atletika22.cz\/wp-content\/uploads\/2022\/11\/20221106_151418-1024x768.jpg\" alt=\"\" class=\"wp-image-521\" style=\"width:625px;height:auto\" srcset=\"https:\/\/www.atletika22.cz\/wp-content\/uploads\/2022\/11\/20221106_151418-1024x768.jpg 1024w, https:\/\/www.atletika22.cz\/wp-content\/uploads\/2022\/11\/20221106_151418-300x225.jpg 300w, https:\/\/www.atletika22.cz\/wp-content\/uploads\/2022\/11\/20221106_151418-768x576.jpg 768w, https:\/\/www.atletika22.cz\/wp-content\/uploads\/2022\/11\/20221106_151418.jpg 1292w\" sizes=\"auto, (max-width: 1024px) 100vw, 1024px\" \/><\/figure>\n\n\n\n<figure class=\"wp-block-image size-large is-resized\"><img loading=\"lazy\" decoding=\"async\" width=\"1024\" height=\"768\" src=\"https:\/\/www.atletika22.cz\/wp-content\/uploads\/2022\/11\/20221106_152837-1024x768.jpg\" alt=\"\" class=\"wp-image-522\" style=\"width:624px;height:auto\" srcset=\"https:\/\/www.atletika22.cz\/wp-content\/uploads\/2022\/11\/20221106_152837-1024x768.jpg 1024w, https:\/\/www.atletika22.cz\/wp-content\/uploads\/2022\/11\/20221106_152837-300x225.jpg 300w, https:\/\/www.atletika22.cz\/wp-content\/uploads\/2022\/11\/20221106_152837-768x576.jpg 768w, https:\/\/www.atletika22.cz\/wp-content\/uploads\/2022\/11\/20221106_152837.jpg 1292w\" sizes=\"auto, (max-width: 1024px) 100vw, 1024px\" \/><\/figure>\n\n\n\n<figure class=\"wp-block-image size-full is-resized\"><img loading=\"lazy\" decoding=\"async\" width=\"308\" height=\"231\" src=\"https:\/\/www.atletika22.cz\/wp-content\/uploads\/2022\/11\/20221105_102622.jpg\" alt=\"\" class=\"wp-image-523\" style=\"aspect-ratio:1.3338632750397457;width:627px;height:auto\" srcset=\"https:\/\/www.atletika22.cz\/wp-content\/uploads\/2022\/11\/20221105_102622.jpg 308w, https:\/\/www.atletika22.cz\/wp-content\/uploads\/2022\/11\/20221105_102622-300x225.jpg 300w\" sizes=\"auto, (max-width: 308px) 100vw, 308px\" \/><\/figure>\n\n\n\n<figure class=\"wp-block-image size-full is-resized is-style-default\"><img loading=\"lazy\" decoding=\"async\" width=\"308\" height=\"231\" src=\"https:\/\/www.atletika22.cz\/wp-content\/uploads\/2022\/11\/20221105_113754.jpg\" alt=\"\" class=\"wp-image-524\" style=\"width:631px;height:auto\" srcset=\"https:\/\/www.atletika22.cz\/wp-content\/uploads\/2022\/11\/20221105_113754.jpg 308w, https:\/\/www.atletika22.cz\/wp-content\/uploads\/2022\/11\/20221105_113754-300x225.jpg 300w\" sizes=\"auto, (max-width: 308px) 100vw, 308px\" \/><\/figure>\n\n\n\n<figure class=\"wp-block-image size-full is-resized\"><img loading=\"lazy\" decoding=\"async\" width=\"727\" height=\"969\" src=\"https:\/\/www.atletika22.cz\/wp-content\/uploads\/2022\/11\/20221105_171010.jpg\" alt=\"\" class=\"wp-image-526\" style=\"width:630px;height:auto\" srcset=\"https:\/\/www.atletika22.cz\/wp-content\/uploads\/2022\/11\/20221105_171010.jpg 727w, https:\/\/www.atletika22.cz\/wp-content\/uploads\/2022\/11\/20221105_171010-225x300.jpg 225w\" sizes=\"auto, (max-width: 727px) 100vw, 727px\" \/><\/figure>\n\n\n\n<figure class=\"wp-block-image size-large is-resized\"><img loading=\"lazy\" decoding=\"async\" width=\"1024\" height=\"768\" src=\"https:\/\/www.atletika22.cz\/wp-content\/uploads\/2022\/11\/20221105_162423-1024x768.jpg\" alt=\"\" class=\"wp-image-529\" style=\"width:633px;height:auto\" srcset=\"https:\/\/www.atletika22.cz\/wp-content\/uploads\/2022\/11\/20221105_162423-1024x768.jpg 1024w, https:\/\/www.atletika22.cz\/wp-content\/uploads\/2022\/11\/20221105_162423-300x225.jpg 300w, https:\/\/www.atletika22.cz\/wp-content\/uploads\/2022\/11\/20221105_162423-768x576.jpg 768w, https:\/\/www.atletika22.cz\/wp-content\/uploads\/2022\/11\/20221105_162423.jpg 1292w\" sizes=\"auto, (max-width: 1024px) 100vw, 1024px\" \/><\/figure>\n\n\n\n<figure class=\"wp-block-image size-large is-resized\"><img loading=\"lazy\" decoding=\"async\" width=\"1024\" height=\"768\" src=\"https:\/\/www.atletika22.cz\/wp-content\/uploads\/2022\/11\/20221106_101246-1024x768.jpg\" alt=\"\" class=\"wp-image-531\" style=\"width:632px;height:auto\" srcset=\"https:\/\/www.atletika22.cz\/wp-content\/uploads\/2022\/11\/20221106_101246-1024x768.jpg 1024w, https:\/\/www.atletika22.cz\/wp-content\/uploads\/2022\/11\/20221106_101246-300x225.jpg 300w, https:\/\/www.atletika22.cz\/wp-content\/uploads\/2022\/11\/20221106_101246-768x576.jpg 768w, https:\/\/www.atletika22.cz\/wp-content\/uploads\/2022\/11\/20221106_101246.jpg 1292w\" sizes=\"auto, (max-width: 1024px) 100vw, 1024px\" \/><\/figure>\n\n\n\n<figure class=\"wp-block-image size-full is-resized\"><img loading=\"lazy\" decoding=\"async\" width=\"727\" height=\"969\" src=\"https:\/\/www.atletika22.cz\/wp-content\/uploads\/2022\/11\/20221105_144948.jpg\" alt=\"\" class=\"wp-image-536\" style=\"width:634px;height:auto\" srcset=\"https:\/\/www.atletika22.cz\/wp-content\/uploads\/2022\/11\/20221105_144948.jpg 727w, https:\/\/www.atletika22.cz\/wp-content\/uploads\/2022\/11\/20221105_144948-225x300.jpg 225w\" sizes=\"auto, (max-width: 727px) 100vw, 727px\" \/><\/figure>\n\n\n\n<figure class=\"wp-block-image size-large is-resized\"><img loading=\"lazy\" decoding=\"async\" width=\"1024\" height=\"768\" src=\"https:\/\/www.atletika22.cz\/wp-content\/uploads\/2022\/11\/20221106_112919-1024x768.jpg\" alt=\"\" class=\"wp-image-539\" style=\"width:634px;height:auto\" srcset=\"https:\/\/www.atletika22.cz\/wp-content\/uploads\/2022\/11\/20221106_112919-1024x768.jpg 1024w, https:\/\/www.atletika22.cz\/wp-content\/uploads\/2022\/11\/20221106_112919-300x225.jpg 300w, https:\/\/www.atletika22.cz\/wp-content\/uploads\/2022\/11\/20221106_112919-768x576.jpg 768w, https:\/\/www.atletika22.cz\/wp-content\/uploads\/2022\/11\/20221106_112919.jpg 1292w\" sizes=\"auto, (max-width: 1024px) 100vw, 1024px\" \/><\/figure>\n\n\n\n<figure class=\"wp-block-image size-full is-resized\"><img loading=\"lazy\" decoding=\"async\" width=\"309\" height=\"232\" src=\"https:\/\/www.atletika22.cz\/wp-content\/uploads\/2022\/11\/20221105_153734-1.jpg\" alt=\"\" class=\"wp-image-540\" style=\"width:633px;height:auto\" srcset=\"https:\/\/www.atletika22.cz\/wp-content\/uploads\/2022\/11\/20221105_153734-1.jpg 309w, https:\/\/www.atletika22.cz\/wp-content\/uploads\/2022\/11\/20221105_153734-1-300x225.jpg 300w\" sizes=\"auto, (max-width: 309px) 100vw, 309px\" \/><\/figure>\n","protected":false},"excerpt":{"rendered":"<p>Aletick\u00e9 soust\u0159ed\u011bn\u00ed podzim 2023 Atletick\u00e9 soust\u0159ed\u011bn\u00ed &#8222;Po stop\u00e1ch Emila Z\u00e1topka&#8220; listopad 2022<\/p>\n","protected":false},"author":1,"featured_media":0,"parent":0,"menu_order":0,"comment_status":"closed","ping_status":"closed","template":"","meta":{"footnotes":""},"class_list":["post-475","page","type-page","status-publish","hentry"],"_links":{"self":[{"href":"https:\/\/www.atletika22.cz\/index.php?rest_route=\/wp\/v2\/pages\/475","targetHints":{"allow":["GET"]}}],"collection":[{"href":"https:\/\/www.atletika22.cz\/index.php?rest_route=\/wp\/v2\/pages"}],"about":[{"href":"https:\/\/www.atletika22.cz\/index.php?rest_route=\/wp\/v2\/types\/page"}],"author":[{"embeddable":true,"href":"https:\/\/www.atletika22.cz\/index.php?rest_route=\/wp\/v2\/users\/1"}],"replies":[{"embeddable":true,"href":"https:\/\/www.atletika22.cz\/index.php?rest_route=%2Fwp%2Fv2%2Fcomments&post=475"}],"version-history":[{"count":14,"href":"https:\/\/www.atletika22.cz\/index.php?rest_route=\/wp\/v2\/pages\/475\/revisions"}],"predecessor-version":[{"id":695,"href":"https:\/\/www.atletika22.cz\/index.php?rest_route=\/wp\/v2\/pages\/475\/revisions\/695"}],"wp:attachment":[{"href":"https:\/\/www.atletika22.cz\/index.php?rest_route=%2Fwp%2Fv2%2Fmedia&parent=475"}],"curies":[{"name":"wp","href":"https:\/\/api.w.org\/{rel}","templated":true}]}}