{"id":180,"date":"2022-01-26T21:54:47","date_gmt":"2022-01-26T21:54:47","guid":{"rendered":"https:\/\/www.atletika22.cz\/?page_id=180"},"modified":"2025-06-26T08:02:48","modified_gmt":"2025-06-26T08:02:48","slug":"domu","status":"publish","type":"page","link":"https:\/\/www.atletika22.cz\/","title":{"rendered":"P\u0159ihl\u00e1\u0161ky na rok 2025\/26"},"content":{"rendered":"\n<div class=\"wp-block-buttons is-layout-flex wp-block-buttons-is-layout-flex\">\n<div class=\"wp-block-button is-style-outline is-style-outline--1\"><a class=\"wp-block-button__link wp-element-button\" href=\"https:\/\/forms.gle\/rPmf3jcDZzYthim88\">Zde se m\u016f\u017eete p\u0159ihl\u00e1sit<\/a><\/div>\n<\/div>\n\n\n\n<p class=\"has-text-align-left has-black-color has-luminous-vivid-orange-background-color has-text-color has-background\">V sou\u010dasn\u00e9 dob\u011b p\u0159ij\u00edm\u00e1me pouze d\u011bti narozen\u00e9 2014 a star\u0161\u00ed. Pro mlad\u0161\u00ed d\u011bti je ji\u017e kapacita zapln\u011bna.<br>Odesl\u00e1n\u00ed p\u0159ihl\u00e1\u0161ky automaticky neznamen\u00e1 p\u0159ijet\u00ed do odd\u00edlu, vy\u010dkejte na potvrzen\u00ed a v\u00fdzvu k platb\u011b. A\u017e po zaplacen\u00ed \u010dlensk\u00e9ho p\u0159\u00edsp\u011bvku je d\u00edt\u011b skute\u010dn\u011b p\u0159ijato.<\/p>\n","protected":false},"excerpt":{"rendered":"<p>V sou\u010dasn\u00e9 dob\u011b p\u0159ij\u00edm\u00e1me pouze d\u011bti narozen\u00e9 2014 a star\u0161\u00ed. Pro mlad\u0161\u00ed d\u011bti je ji\u017e kapacita zapln\u011bna.Odesl\u00e1n\u00ed p\u0159ihl\u00e1\u0161ky automaticky neznamen\u00e1 &hellip; <\/p>\n","protected":false},"author":1,"featured_media":0,"parent":0,"menu_order":0,"comment_status":"closed","ping_status":"closed","template":"","meta":{"footnotes":""},"class_list":["post-180","page","type-page","status-publish","hentry"],"_links":{"self":[{"href":"https:\/\/www.atletika22.cz\/index.php?rest_route=\/wp\/v2\/pages\/180","targetHints":{"allow":["GET"]}}],"collection":[{"href":"https:\/\/www.atletika22.cz\/index.php?rest_route=\/wp\/v2\/pages"}],"about":[{"href":"https:\/\/www.atletika22.cz\/index.php?rest_route=\/wp\/v2\/types\/page"}],"author":[{"embeddable":true,"href":"https:\/\/www.atletika22.cz\/index.php?rest_route=\/wp\/v2\/users\/1"}],"replies":[{"embeddable":true,"href":"https:\/\/www.atletika22.cz\/index.php?rest_route=%2Fwp%2Fv2%2Fcomments&post=180"}],"version-history":[{"count":30,"href":"https:\/\/www.atletika22.cz\/index.php?rest_route=\/wp\/v2\/pages\/180\/revisions"}],"predecessor-version":[{"id":906,"href":"https:\/\/www.atletika22.cz\/index.php?rest_route=\/wp\/v2\/pages\/180\/revisions\/906"}],"wp:attachment":[{"href":"https:\/\/www.atletika22.cz\/index.php?rest_route=%2Fwp%2Fv2%2Fmedia&parent=180"}],"curies":[{"name":"wp","href":"https:\/\/api.w.org\/{rel}","templated":true}]}}