{"id":17,"date":"2022-01-12T12:52:40","date_gmt":"2022-01-12T12:52:40","guid":{"rendered":"https:\/\/www.atletika22.cz\/?page_id=17"},"modified":"2025-06-26T08:22:02","modified_gmt":"2025-06-26T08:22:02","slug":"blog","status":"publish","type":"page","link":"https:\/\/www.atletika22.cz\/?page_id=17","title":{"rendered":"Tr\u00e9ninkov\u00e9 skupiny"},"content":{"rendered":"\n<div class=\"wp-block-buttons has-white-background-color has-background is-layout-flex wp-block-buttons-is-layout-flex\">\n<div class=\"wp-block-button\"><a class=\"wp-block-button__link wp-element-button\" href=\"https:\/\/forms.gle\/RUEV9WjGnTbYCxyY8\">P\u0159ihl\u00e1\u0161ka na rok 2025\/26<\/a><\/div>\n<\/div>\n\n\n\n<p>V sou\u010dasn\u00e9 dob\u011b p\u0159ij\u00edm\u00e1me pouze d\u011bti narozen\u00e9 2014 a star\u0161\u00ed. Pro mlad\u0161\u00ed d\u011bti je ji\u017e kapacita zapln\u011bna.<br>Odesl\u00e1n\u00ed p\u0159ihl\u00e1\u0161ky automaticky neznamen\u00e1 p\u0159ijet\u00ed do odd\u00edlu, vy\u010dkejte na potvrzen\u00ed a v\u00fdzvu k platb\u011b. A\u017e po zaplacen\u00ed \u010dlensk\u00e9ho p\u0159\u00edsp\u011bvku je d\u00edt\u011b skute\u010dn\u011b p\u0159ijato.<\/p>\n\n\n\n<p class=\"has-medium-font-size\">Od z\u00e1\u0159\u00ed 2025 m\u00e1me tyto tr\u00e9ninkov\u00e9 skupiny:<\/p>\n\n\n\n<p class=\"has-medium-font-size\"><strong>Minip\u0159\u00edpravka<\/strong> &#8211; pro d\u011bti 4 &#8211; 6 let (maxim\u00e1ln\u00ed po\u010det d\u011bt\u00ed ve skupin\u011b je 15)<\/p>\n\n\n\n<p>Tr\u00e9nink Minip\u0159\u00edpravky je ve st\u0159edu 18:00 a\u017e 18:45.<\/p>\n\n\n\n<p class=\"has-medium-font-size\"><strong>P\u0159\u00edpravka<\/strong> \u2013 pro d\u011bti od 6 do 9 let <br>(rozd\u011blen\u00e1 do t\u0159\u00ed skupin, maxim\u00e1ln\u00ed po\u010det d\u011bt\u00ed ve skupin\u011b je 16)<\/p>\n\n\n\n<p class=\"has-medium-font-size\">Tr\u00e9nink je v&nbsp;pond\u011bl\u00ed od 16:30 do 17:30 nebo ve st\u0159edu od 16:45 do 17:45.<\/p>\n\n\n\n<p class=\"has-medium-font-size\"><strong>Mlad\u0161\u00ed a star\u0161\u00ed \u017eactvo<\/strong> \u2013 pro ml\u00e1de\u017e od 10 do 15 let <\/p>\n\n\n\n<p class=\"has-medium-font-size\">Tr\u00e9nink je v&nbsp;pond\u011bl\u00ed 17:45 \u2013 18:45.<\/p>\n\n\n\n<p class=\"has-medium-font-size\">Druh\u00fd voliteln\u00fd tr\u00e9nink pro mlad\u0161\u00ed a star\u0161\u00ed \u017e\u00e1ky je ve st\u0159edu od 16:45 do 17:45 hodin.<\/p>\n\n\n\n<p class=\"has-medium-font-size\">Sraz je p\u011bt minut p\u0159ed za\u010d\u00e1tkem tr\u00e9ninku na h\u0159i\u0161ti Z\u00e1kladn\u00ed \u0161koly n\u00e1m. Brat\u0159\u00ed Jandus\u016f. Nutn\u00e1 je vhodn\u00e1 obuv, oble\u010den\u00ed a pit\u00ed s sebou.  <\/p>\n\n\n\n<p class=\"has-medium-font-size\">Tr\u00e9ninky prob\u00edhaj\u00ed po cel\u00fd rok mimo \u0161koln\u00ed pr\u00e1zdniny. Tr\u00e9nujeme venku na h\u0159i\u0161ti Z\u0160 n\u00e1m\u011bst\u00ed Brat\u0159\u00ed Jandus\u016f. <br>D\u011bti ze Z\u0160 n\u00e1m. Brat\u0159\u00ed Jandus\u016f m\u016f\u017eeme po dohod\u011b vyzved\u00e1vat p\u0159\u00edmo z&nbsp;dru\u017einy.&nbsp;<\/p>\n\n\n\n<p class=\"has-medium-font-size\">D\u011bti mus\u00ed m\u00edt potvrzen\u00ed o zdravotn\u00ed zp\u016fsobilosti, kter\u00e9 potvrd\u00ed jejich pediatr.<\/p>\n\n\n\n<div class=\"wp-block-group\"><div class=\"wp-block-group__inner-container is-layout-flow wp-block-group-is-layout-flow\">\n<div class=\"wp-block-buttons is-layout-flex wp-block-buttons-is-layout-flex\">\n<div class=\"wp-block-button\"><a class=\"wp-block-button__link has-luminous-vivid-orange-background-color has-background wp-element-button\" href=\"https:\/\/www.atletika22.cz\/wp-content\/uploads\/2022\/01\/zadost_o_posouzeni_zdravotni_zpusobilosti_k_telesne_vychove_a_sportu.pdf\" target=\"_blank\" rel=\"noreferrer noopener\">Formul\u00e1\u0159 potvrzen\u00ed<\/a><\/div>\n<\/div>\n<\/div><\/div>\n","protected":false},"excerpt":{"rendered":"<p>V sou\u010dasn\u00e9 dob\u011b p\u0159ij\u00edm\u00e1me pouze d\u011bti narozen\u00e9 2014 a star\u0161\u00ed. Pro mlad\u0161\u00ed d\u011bti je ji\u017e kapacita zapln\u011bna.Odesl\u00e1n\u00ed p\u0159ihl\u00e1\u0161ky automaticky neznamen\u00e1 &hellip; <\/p>\n","protected":false},"author":1,"featured_media":0,"parent":0,"menu_order":0,"comment_status":"closed","ping_status":"closed","template":"","meta":{"footnotes":""},"class_list":["post-17","page","type-page","status-publish","hentry"],"_links":{"self":[{"href":"https:\/\/www.atletika22.cz\/index.php?rest_route=\/wp\/v2\/pages\/17","targetHints":{"allow":["GET"]}}],"collection":[{"href":"https:\/\/www.atletika22.cz\/index.php?rest_route=\/wp\/v2\/pages"}],"about":[{"href":"https:\/\/www.atletika22.cz\/index.php?rest_route=\/wp\/v2\/types\/page"}],"author":[{"embeddable":true,"href":"https:\/\/www.atletika22.cz\/index.php?rest_route=\/wp\/v2\/users\/1"}],"replies":[{"embeddable":true,"href":"https:\/\/www.atletika22.cz\/index.php?rest_route=%2Fwp%2Fv2%2Fcomments&post=17"}],"version-history":[{"count":28,"href":"https:\/\/www.atletika22.cz\/index.php?rest_route=\/wp\/v2\/pages\/17\/revisions"}],"predecessor-version":[{"id":908,"href":"https:\/\/www.atletika22.cz\/index.php?rest_route=\/wp\/v2\/pages\/17\/revisions\/908"}],"wp:attachment":[{"href":"https:\/\/www.atletika22.cz\/index.php?rest_route=%2Fwp%2Fv2%2Fmedia&parent=17"}],"curies":[{"name":"wp","href":"https:\/\/api.w.org\/{rel}","templated":true}]}}